{"id":3531,"date":"2020-01-11T14:25:28","date_gmt":"2020-01-11T14:25:28","guid":{"rendered":"https:\/\/indritgjuzi.com\/services\/"},"modified":"2026-03-22T10:39:41","modified_gmt":"2026-03-22T09:39:41","slug":"sherbime","status":"publish","type":"page","link":"https:\/\/indritgjuzi.com\/sq\/sherbime\/","title":{"rendered":"Sh\u00ebrbime"},"content":{"rendered":"<section class=\"wpb-content-wrapper\"><p>[vc_row disable_element=&#8221;yes&#8221;][vc_column width=&#8221;1\/2&#8243;][vc_single_image image=&#8221;3532&#8243; img_size=&#8221;full&#8221;][\/vc_column][vc_column width=&#8221;1\/2&#8243; css=&#8221;.vc_custom_1578757201303{padding-right: 30px !important;padding-left: 30px !important;}&#8221;][vc_column_text]<\/p>\n<h2>Services<\/h2>\n<p><strong>KATEGORIA E LYERJEVE<\/strong>[\/vc_column_text][vc_column_text css=&#8221;.vc_custom_1578904808587{margin-top: 35px !important;margin-bottom: 20px !important;}&#8221;]<strong>KATEGORIA E PRERJEVE<\/strong>[\/vc_column_text][vc_column_text css=&#8221;.vc_custom_1578904830091{margin-top: 35px !important;margin-bottom: 25px !important;}&#8221;]<strong>KATEGORIA N\u0116 TRAJTIM<\/strong>[\/vc_column_text][\/vc_column][\/vc_row][vc_row][vc_column][vc_column_text css=&#8221;.vc_custom_1604747049623{margin-bottom: 5px !important;border-bottom-width: 1px !important;padding-top: 25px !important;padding-bottom: 25px !important;border-bottom-color: #e5e5e5 !important;border-bottom-style: solid !important;}&#8221;][\/vc_column_text][vc_column_text]<\/p>\n<h2 style=\"text-align: center;\">Sh\u00ebrbime<\/h2>\n<p>[\/vc_column_text][vc_row_inner][vc_column_inner width=&#8221;1\/3&#8243; css=&#8221;.vc_custom_1579701571582{padding-top: 40px !important;padding-right: 25px !important;padding-left: 25px !important;}&#8221;][vc_column_text css=&#8221;.vc_custom_1579767669137{margin-bottom: 10px !important;padding-left: 10px !important;background-color: #000000 !important;}&#8221;]<\/p>\n<h4 style=\"font-weight: 400;\"><span style=\"color: #ffffff;\">LYERJE<\/span><\/h4>\n<p>[\/vc_column_text][vc_column_text css=&#8221;.vc_custom_1774172300911{margin-bottom: 5px !important;border-bottom-width: 1px !important;padding-top: 25px !important;padding-bottom: 25px !important;border-bottom-color: #e5e5e5 !important;border-bottom-style: solid !important;}&#8221;]<\/p>\n<p style=\"font-size: 16px;\"><strong>Lyerje nj\u0117ngjyr\u0117she<\/strong>: 5 000 &#8211; 12 000 Lek\u0117 (ALL).<\/p>\n<p>[\/vc_column_text][vc_column_text css=&#8221;.vc_custom_1774172349309{margin-bottom: 5px !important;border-bottom-width: 1px !important;padding-top: 25px !important;padding-bottom: 25px !important;border-bottom-color: #e5e5e5 !important;border-bottom-style: solid !important;}&#8221;]<\/p>\n<p style=\"font-size: 16px;\"><strong>Lyerje me highlights\/ Babylights<\/strong>:13 000 &#8211; 20 000 Lek\u0117 (ALL).<\/p>\n<p>[\/vc_column_text][vc_column_text css=&#8221;.vc_custom_1685459570746{margin-bottom: 5px !important;border-bottom-width: 1px !important;padding-top: 25px !important;padding-bottom: 25px !important;border-bottom-color: #e5e5e5 !important;border-bottom-style: solid !important;}&#8221;]<\/p>\n<p style=\"font-size: 16px;\"><strong>Full head blonde\/lights <\/strong>: 15 000 &#8211; 25 000 Lek\u0117 (ALL).<\/p>\n<p>[\/vc_column_text][vc_column_text css=&#8221;.vc_custom_1774172364565{margin-bottom: 5px !important;border-bottom-width: 1px !important;padding-top: 25px !important;padding-bottom: 25px !important;border-bottom-color: #e5e5e5 !important;border-bottom-style: solid !important;}&#8221;]<\/p>\n<p style=\"font-size: 16px;\"><strong>Balayage<\/strong>: 13 000 &#8211; 20 000 Lek\u0117 (ALL).<\/p>\n<p>[\/vc_column_text][vc_column_text css=&#8221;.vc_custom_1736947101503{margin-bottom: 5px !important;border-bottom-width: 1px !important;padding-top: 25px !important;padding-bottom: 25px !important;border-bottom-color: #e5e5e5 !important;border-bottom-style: solid !important;}&#8221;]<\/p>\n<p style=\"font-size: 16px;\"><strong>Lyerje rr\u0117nj\u0117 me boj\u0117<\/strong>: 3 000 &#8211; 4 000 Lek\u0117 (ALL).<\/p>\n<p>[\/vc_column_text][vc_column_text css=&#8221;.vc_custom_1579791592644{margin-bottom: 5px !important;border-bottom-width: 1px !important;padding-top: 25px !important;padding-bottom: 25px !important;border-bottom-color: #e5e5e5 !important;border-bottom-style: solid !important;}&#8221;]<\/p>\n<p style=\"font-size: 16px;\"><strong>Tonalizues<\/strong>: 3 500 &#8211; 4 500 Lek\u0117 (ALL).<\/p>\n<p>[\/vc_column_text][vc_column_text css=&#8221;.vc_custom_1677149734727{margin-bottom: 5px !important;border-bottom-width: 1px !important;padding-top: 25px !important;padding-bottom: 25px !important;border-bottom-color: #e5e5e5 !important;border-bottom-style: solid !important;}&#8221;][\/vc_column_text][\/vc_column_inner][vc_column_inner width=&#8221;1\/3&#8243; css=&#8221;.vc_custom_1579701590309{padding-top: 40px !important;padding-right: 25px !important;padding-left: 25px !important;}&#8221;][vc_column_text css=&#8221;.vc_custom_1579767747994{margin-bottom: 10px !important;padding-left: 10px !important;background-color: #000000 !important;}&#8221;]<\/p>\n<h4 style=\"font-weight: 400;\"><span style=\"color: #ffffff;\">PRERJE<\/span><\/h4>\n<p>[\/vc_column_text][vc_column_text css=&#8221;.vc_custom_1747993761282{margin-bottom: 5px !important;border-bottom-width: 1px !important;padding-top: 25px !important;padding-bottom: 50px !important;border-bottom-color: #e5e5e5 !important;border-bottom-style: solid !important;}&#8221;]<\/p>\n<p style=\"font-size: 16px;\"><strong>Prerje<\/strong>:\u00a0 3 000\u00a0 Lek\u0117 (ALL).<\/p>\n<p style=\"font-size: 16px;\"><strong>Prerje &amp; onde<\/strong>:\u00a0 3 000 &#8211; 3 500 Lek\u0117 (ALL).<\/p>\n<p style=\"font-size: 16px;\"><strong>Krehje Drejt<\/strong>: 800 Lek\u0117 (ALL) &#8211; 1 500 Lek\u0117 (ALL).<\/p>\n<p style=\"font-size: 16px;\"><strong>Krehje me Onde<\/strong>: 1 500 &#8211; 2 500 Lek\u0117 (ALL).<\/p>\n<p>&nbsp;<\/p>\n<p>&nbsp;<\/p>\n<div id=\"gtx-trans\" style=\"position: absolute; left: 52px; top: 32px;\">\n<div class=\"gtx-trans-icon\"><\/div>\n<\/div>\n<p>[\/vc_column_text][\/vc_column_inner][vc_column_inner width=&#8221;1\/3&#8243; css=&#8221;.vc_custom_1579701596733{padding-top: 40px !important;padding-right: 25px !important;padding-left: 25px !important;}&#8221;][vc_column_text css=&#8221;.vc_custom_1579767866880{margin-bottom: 10px !important;padding-left: 10px !important;background-color: #000000 !important;}&#8221;]<\/p>\n<h4 style=\"font-weight: 400;\"><span style=\"color: #ffffff;\">TRAJTIM<\/span><\/h4>\n<p>[\/vc_column_text][vc_column_text css=&#8221;.vc_custom_1670156315263{margin-bottom: 5px !important;border-bottom-width: 1px !important;padding-top: 25px !important;padding-bottom: 25px !important;border-bottom-color: #e5e5e5 !important;border-bottom-style: solid !important;}&#8221;]<\/p>\n<p style=\"font-size: 16px;\"><strong>Terapi rind\u0117rtimi me OLAPLEX<\/strong>: 5 000 &#8211; 6 000 Lek\u0117 (ALL).<\/p>\n<p>[\/vc_column_text][vc_column_text css=&#8221;.vc_custom_1728029374636{margin-bottom: 5px !important;border-bottom-width: 1px !important;padding-top: 25px !important;padding-bottom: 25px !important;border-bottom-color: #e5e5e5 !important;border-bottom-style: solid !important;}&#8221;]<\/p>\n<p style=\"font-size: 16px;\"><strong>Trajtim skalpi<\/strong>: 2 000 Lek\u0117 (ALL).<\/p>\n<p style=\"font-size: 16px;\"><strong>Trajtim skalpi+Krehje<\/strong>: 2 500 Lek\u0117 (ALL)<\/p>\n<p style=\"font-size: 16px;\"><strong>Trajtim Kerastase Fusio-Dose<\/strong>: 3 500 Lek\u0117 (ALL)\u00a0 \u00a0 (*Krehja ose prerja p\u00ebr Fusio-Dose nuk p\u00ebrfshihet n\u00eb \u00e7mim)<\/p>\n<p style=\"font-size: 16px;\"><strong>Trajtim p\u00ebr Ka\u00e7urrela me Olaplex:\u00a0<\/strong>4 000 &#8211; 6 000 Lek\u0117 (ALL)<\/p>\n<p>&nbsp;<\/p>\n<p>&nbsp;<\/p>\n<div id=\"gtx-trans\" style=\"position: absolute; left: 109px; top: 32px;\">\n<div class=\"gtx-trans-icon\"><\/div>\n<\/div>\n<p>[\/vc_column_text][\/vc_column_inner][\/vc_row_inner][\/vc_column][\/vc_row]<\/p>\n<\/section>","protected":false},"excerpt":{"rendered":"<p>[vc_row disable_element=&#8221;yes&#8221;][vc_column width=&#8221;1\/2&#8243;][vc_single_image image=&#8221;3532&#8243; img_size=&#8221;full&#8221;][\/vc_column][vc_column width=&#8221;1\/2&#8243; css=&#8221;.vc_custom_1578757201303{padding-right: 30px !important;padding-left: 30px !important;}&#8221;][vc_column_text] Services KATEGORIA E LYERJEVE[\/vc_column_text][vc_column_text css=&#8221;.vc_custom_1578904808587{margin-top: 35px !important;margin-bottom: 20px !important;}&#8221;]KATEGORIA E PRERJEVE[\/vc_column_text][vc_column_text css=&#8221;.vc_custom_1578904830091{margin-top: 35px !important;margin-bottom: 25px !important;}&#8221;]KATEGORIA N\u0116 TRAJTIM[\/vc_column_text][\/vc_column][\/vc_row][vc_row][vc_column][vc_column_text css=&#8221;.vc_custom_1604747049623{margin-bottom: 5px !important;border-bottom-width: 1px !important;padding-top: 25px !important;padding-bottom: 25px !important;border-bottom-color: #e5e5e5 !important;border-bottom-style: solid !important;}&#8221;][\/vc_column_text][vc_column_text] Sh\u00ebrbime [\/vc_column_text][vc_row_inner][vc_column_inner width=&#8221;1\/3&#8243; css=&#8221;.vc_custom_1579701571582{padding-top: 40px !important;padding-right: 25px !important;padding-left: 25px !important;}&#8221;][vc_column_text css=&#8221;.vc_custom_1579767669137{margin-bottom: 10px !important;padding-left: [&hellip;]<\/p>\n","protected":false},"author":1,"featured_media":0,"parent":0,"menu_order":0,"comment_status":"closed","ping_status":"closed","template":"","meta":{"_joinchat":[]},"yoast_head":"<!-- This site is optimized with the Yoast SEO plugin v20.13 - https:\/\/yoast.com\/wordpress\/plugins\/seo\/ -->\n<title>Sh\u00ebrbime - Indrit Gjuzi<\/title>\n<meta name=\"robots\" content=\"index, follow, max-snippet:-1, max-image-preview:large, max-video-preview:-1\" \/>\n<link rel=\"canonical\" href=\"https:\/\/indritgjuzi.com\/sq\/sherbime\/\" \/>\n<meta property=\"og:locale\" content=\"sq_AL\" \/>\n<meta property=\"og:type\" content=\"article\" \/>\n<meta property=\"og:title\" content=\"Sh\u00ebrbime - Indrit Gjuzi\" \/>\n<meta property=\"og:description\" content=\"[vc_row disable_element=&#8221;yes&#8221;][vc_column width=&#8221;1\/2&#8243;][vc_single_image image=&#8221;3532&#8243; img_size=&#8221;full&#8221;][\/vc_column][vc_column width=&#8221;1\/2&#8243; css=&#8221;.vc_custom_1578757201303{padding-right: 30px !important;padding-left: 30px !important;}&#8221;][vc_column_text] Services KATEGORIA E LYERJEVE[\/vc_column_text][vc_column_text css=&#8221;.vc_custom_1578904808587{margin-top: 35px !important;margin-bottom: 20px !important;}&#8221;]KATEGORIA E PRERJEVE[\/vc_column_text][vc_column_text css=&#8221;.vc_custom_1578904830091{margin-top: 35px !important;margin-bottom: 25px !important;}&#8221;]KATEGORIA N\u0116 TRAJTIM[\/vc_column_text][\/vc_column][\/vc_row][vc_row][vc_column][vc_column_text css=&#8221;.vc_custom_1604747049623{margin-bottom: 5px !important;border-bottom-width: 1px !important;padding-top: 25px !important;padding-bottom: 25px !important;border-bottom-color: #e5e5e5 !important;border-bottom-style: solid !important;}&#8221;][\/vc_column_text][vc_column_text] Sh\u00ebrbime [\/vc_column_text][vc_row_inner][vc_column_inner width=&#8221;1\/3&#8243; css=&#8221;.vc_custom_1579701571582{padding-top: 40px !important;padding-right: 25px !important;padding-left: 25px !important;}&#8221;][vc_column_text css=&#8221;.vc_custom_1579767669137{margin-bottom: 10px !important;padding-left: [&hellip;]\" \/>\n<meta property=\"og:url\" content=\"https:\/\/indritgjuzi.com\/sq\/sherbime\/\" \/>\n<meta property=\"og:site_name\" content=\"Indrit Gjuzi\" \/>\n<meta property=\"article:modified_time\" content=\"2026-03-22T09:39:41+00:00\" \/>\n<meta name=\"twitter:card\" content=\"summary_large_image\" \/>\n<meta name=\"twitter:label1\" content=\"Est. reading time\" \/>\n\t<meta name=\"twitter:data1\" content=\"2 minutes\" \/>\n<script type=\"application\/ld+json\" class=\"yoast-schema-graph\">{\"@context\":\"https:\/\/schema.org\",\"@graph\":[{\"@type\":\"WebPage\",\"@id\":\"https:\/\/indritgjuzi.com\/sq\/sherbime\/\",\"url\":\"https:\/\/indritgjuzi.com\/sq\/sherbime\/\",\"name\":\"Sh\u00ebrbime - Indrit Gjuzi\",\"isPartOf\":{\"@id\":\"https:\/\/indritgjuzi.com\/sq\/#website\"},\"datePublished\":\"2020-01-11T14:25:28+00:00\",\"dateModified\":\"2026-03-22T09:39:41+00:00\",\"breadcrumb\":{\"@id\":\"https:\/\/indritgjuzi.com\/sq\/sherbime\/#breadcrumb\"},\"inLanguage\":\"sq-AL\",\"potentialAction\":[{\"@type\":\"ReadAction\",\"target\":[\"https:\/\/indritgjuzi.com\/sq\/sherbime\/\"]}]},{\"@type\":\"BreadcrumbList\",\"@id\":\"https:\/\/indritgjuzi.com\/sq\/sherbime\/#breadcrumb\",\"itemListElement\":[{\"@type\":\"ListItem\",\"position\":1,\"name\":\"Home\",\"item\":\"https:\/\/indritgjuzi.com\/sq\/\"},{\"@type\":\"ListItem\",\"position\":2,\"name\":\"Sh\u00ebrbime\"}]},{\"@type\":\"WebSite\",\"@id\":\"https:\/\/indritgjuzi.com\/sq\/#website\",\"url\":\"https:\/\/indritgjuzi.com\/sq\/\",\"name\":\"Indrit Gjuzi\",\"description\":\"Beauty Salon in Tirana\",\"potentialAction\":[{\"@type\":\"SearchAction\",\"target\":{\"@type\":\"EntryPoint\",\"urlTemplate\":\"https:\/\/indritgjuzi.com\/sq\/?s={search_term_string}\"},\"query-input\":\"required name=search_term_string\"}],\"inLanguage\":\"sq-AL\"}]}<\/script>\n<!-- \/ Yoast SEO plugin. -->","yoast_head_json":{"title":"Sh\u00ebrbime - Indrit Gjuzi","robots":{"index":"index","follow":"follow","max-snippet":"max-snippet:-1","max-image-preview":"max-image-preview:large","max-video-preview":"max-video-preview:-1"},"canonical":"https:\/\/indritgjuzi.com\/sq\/sherbime\/","og_locale":"sq_AL","og_type":"article","og_title":"Sh\u00ebrbime - Indrit Gjuzi","og_description":"[vc_row disable_element=&#8221;yes&#8221;][vc_column width=&#8221;1\/2&#8243;][vc_single_image image=&#8221;3532&#8243; img_size=&#8221;full&#8221;][\/vc_column][vc_column width=&#8221;1\/2&#8243; css=&#8221;.vc_custom_1578757201303{padding-right: 30px !important;padding-left: 30px !important;}&#8221;][vc_column_text] Services KATEGORIA E LYERJEVE[\/vc_column_text][vc_column_text css=&#8221;.vc_custom_1578904808587{margin-top: 35px !important;margin-bottom: 20px !important;}&#8221;]KATEGORIA E PRERJEVE[\/vc_column_text][vc_column_text css=&#8221;.vc_custom_1578904830091{margin-top: 35px !important;margin-bottom: 25px !important;}&#8221;]KATEGORIA N\u0116 TRAJTIM[\/vc_column_text][\/vc_column][\/vc_row][vc_row][vc_column][vc_column_text css=&#8221;.vc_custom_1604747049623{margin-bottom: 5px !important;border-bottom-width: 1px !important;padding-top: 25px !important;padding-bottom: 25px !important;border-bottom-color: #e5e5e5 !important;border-bottom-style: solid !important;}&#8221;][\/vc_column_text][vc_column_text] Sh\u00ebrbime [\/vc_column_text][vc_row_inner][vc_column_inner width=&#8221;1\/3&#8243; css=&#8221;.vc_custom_1579701571582{padding-top: 40px !important;padding-right: 25px !important;padding-left: 25px !important;}&#8221;][vc_column_text css=&#8221;.vc_custom_1579767669137{margin-bottom: 10px !important;padding-left: [&hellip;]","og_url":"https:\/\/indritgjuzi.com\/sq\/sherbime\/","og_site_name":"Indrit Gjuzi","article_modified_time":"2026-03-22T09:39:41+00:00","twitter_card":"summary_large_image","twitter_misc":{"Est. reading time":"2 minutes"},"schema":{"@context":"https:\/\/schema.org","@graph":[{"@type":"WebPage","@id":"https:\/\/indritgjuzi.com\/sq\/sherbime\/","url":"https:\/\/indritgjuzi.com\/sq\/sherbime\/","name":"Sh\u00ebrbime - Indrit Gjuzi","isPartOf":{"@id":"https:\/\/indritgjuzi.com\/sq\/#website"},"datePublished":"2020-01-11T14:25:28+00:00","dateModified":"2026-03-22T09:39:41+00:00","breadcrumb":{"@id":"https:\/\/indritgjuzi.com\/sq\/sherbime\/#breadcrumb"},"inLanguage":"sq-AL","potentialAction":[{"@type":"ReadAction","target":["https:\/\/indritgjuzi.com\/sq\/sherbime\/"]}]},{"@type":"BreadcrumbList","@id":"https:\/\/indritgjuzi.com\/sq\/sherbime\/#breadcrumb","itemListElement":[{"@type":"ListItem","position":1,"name":"Home","item":"https:\/\/indritgjuzi.com\/sq\/"},{"@type":"ListItem","position":2,"name":"Sh\u00ebrbime"}]},{"@type":"WebSite","@id":"https:\/\/indritgjuzi.com\/sq\/#website","url":"https:\/\/indritgjuzi.com\/sq\/","name":"Indrit Gjuzi","description":"Beauty Salon in Tirana","potentialAction":[{"@type":"SearchAction","target":{"@type":"EntryPoint","urlTemplate":"https:\/\/indritgjuzi.com\/sq\/?s={search_term_string}"},"query-input":"required name=search_term_string"}],"inLanguage":"sq-AL"}]}},"_links":{"self":[{"href":"https:\/\/indritgjuzi.com\/sq\/wp-json\/wp\/v2\/pages\/3531"}],"collection":[{"href":"https:\/\/indritgjuzi.com\/sq\/wp-json\/wp\/v2\/pages"}],"about":[{"href":"https:\/\/indritgjuzi.com\/sq\/wp-json\/wp\/v2\/types\/page"}],"author":[{"embeddable":true,"href":"https:\/\/indritgjuzi.com\/sq\/wp-json\/wp\/v2\/users\/1"}],"replies":[{"embeddable":true,"href":"https:\/\/indritgjuzi.com\/sq\/wp-json\/wp\/v2\/comments?post=3531"}],"version-history":[{"count":25,"href":"https:\/\/indritgjuzi.com\/sq\/wp-json\/wp\/v2\/pages\/3531\/revisions"}],"predecessor-version":[{"id":4748,"href":"https:\/\/indritgjuzi.com\/sq\/wp-json\/wp\/v2\/pages\/3531\/revisions\/4748"}],"wp:attachment":[{"href":"https:\/\/indritgjuzi.com\/sq\/wp-json\/wp\/v2\/media?parent=3531"}],"curies":[{"name":"wp","href":"https:\/\/api.w.org\/{rel}","templated":true}]}}